{"id":6235,"date":"2025-12-15T09:34:36","date_gmt":"2025-12-15T07:34:36","guid":{"rendered":"http:\/\/epfl.local\/?post_type=product&#038;p=6235"},"modified":"2025-12-16T17:54:22","modified_gmt":"2025-12-16T15:54:22","slug":"eesti-pressifoto-2021","status":"publish","type":"product","link":"https:\/\/www.epfl.ee\/wordpress\/pood\/eesti-pressifoto-2021\/","title":{"rendered":"Eesti Pressifoto 2021"},"content":{"rendered":"<div><iframe style=\"border: none; width: 100%; height: 500px;\" src=\"\/\/e.issuu.com\/embed.html?backgroundColor=%23787575&amp;d=raamat_web_uus4&amp;u=eestipressifotograafideliit\" allowfullscreen=\"allowfullscreen\"><span data-mce-type=\"bookmark\" style=\"display: inline-block; width: 0px; overflow: hidden; line-height: 0;\" class=\"mce_SELRES_start\">\ufeff<\/span><\/iframe><\/div>\n<div>Mask silme eest maha<\/p>\n<p>2020. Aasta j\u00e4\u00e4b meelde kui aasta, mil t\u00e4navad olid t\u00fchjad ja midagi ei tominud. Mida sa pildistad sellisel aastal, kus midagi ei juhtu ning teiste inimeste, eriti v\u00f5\u00f5rastega ei tohi ega saa kokku puutuda? Pressifoto konkursil osalenud t\u00f6\u00f6d pakkusid sellele k\u00fcsimusele rohkelt vastuseid.<\/p>\n<p>M\u00f5ned vastused olid ilmselged. Sa pildistad seda, kuidas inimesed liiguvad \u00f5ues kahemeetriste vahedega, olgu see siis romantilisel jalutusk\u00e4igul rannas v\u00f5i pangaautomaadi j\u00e4rjekorras. Sa n\u00e4itad haruldast vaatepilti, kus Tallinna vanalinnas ei ole mitte \u00fchtegi hinge. Sa pildistad k\u00f5iki kohmakaid virtuaalkoosolekuid v\u00f5i isegi -jutlusi.<\/p>\n<p>Mitu fotograafi leidsid tee inimeste juurde, kes ei saanud teha seda, mida nad tavaliselt teevad: nii osales konkursil n\u00e4iteks seeria sportlastest, kes pidid treenima kodustes tingimustes, ning teine balletitantsijatest, kes kodus harjutasid. Saime ka teada, kuidas koroonaajal abiellutakse. M\u00f5ned fotole p\u00fc\u00fctud hetked inimestest koroonaajale eriomases olukorras torkasid eriti teravalt silma, n\u00e4iteks pilt sellest, kuidas noor isa seisab haigla ees ja vaatab aknast levitavat elukaaslast, kellel on s\u00fcles nende vasts\u00fcndinud laps. See on k\u00f5nekas j\u00e4\u00e4dvustus karmist perioodist: see oli aasta, kui isa ei saanud isegi oma last maailma vastu v\u00f5tta.<\/p>\n<p>Viivika R\u00f5uk, 2020. aasta pressifoto konkursi \u017e\u00fcrii esimees, \u00c4rip\u00e4eva uudistetoimetuse juht<\/p>\n<p>126 lk<\/p><\/div>\n","protected":false},"excerpt":{"rendered":"<p>2020. aasta parimad pressifotod kategooriates uudisfoto, olemusfoto, portreefoto ja spordifoto.<\/p>\n","protected":false},"featured_media":6315,"template":"","meta":{"_acf_changed":false},"product_brand":[],"product_cat":[62],"product_tag":[],"class_list":{"0":"post-6235","1":"product","2":"type-product","3":"status-publish","4":"has-post-thumbnail","6":"product_cat-raamat","8":"first","9":"instock","10":"purchasable","11":"product-type-simple"},"acf":[],"jetpack_sharing_enabled":true,"_links":{"self":[{"href":"https:\/\/www.epfl.ee\/wordpress\/wp-json\/wp\/v2\/product\/6235","targetHints":{"allow":["GET"]}}],"collection":[{"href":"https:\/\/www.epfl.ee\/wordpress\/wp-json\/wp\/v2\/product"}],"about":[{"href":"https:\/\/www.epfl.ee\/wordpress\/wp-json\/wp\/v2\/types\/product"}],"wp:featuredmedia":[{"embeddable":true,"href":"https:\/\/www.epfl.ee\/wordpress\/wp-json\/wp\/v2\/media\/6315"}],"wp:attachment":[{"href":"https:\/\/www.epfl.ee\/wordpress\/wp-json\/wp\/v2\/media?parent=6235"}],"wp:term":[{"taxonomy":"product_brand","embeddable":true,"href":"https:\/\/www.epfl.ee\/wordpress\/wp-json\/wp\/v2\/product_brand?post=6235"},{"taxonomy":"product_cat","embeddable":true,"href":"https:\/\/www.epfl.ee\/wordpress\/wp-json\/wp\/v2\/product_cat?post=6235"},{"taxonomy":"product_tag","embeddable":true,"href":"https:\/\/www.epfl.ee\/wordpress\/wp-json\/wp\/v2\/product_tag?post=6235"}],"curies":[{"name":"wp","href":"https:\/\/api.w.org\/{rel}","templated":true}]}}