{"id":6234,"date":"2025-12-15T09:29:59","date_gmt":"2025-12-15T07:29:59","guid":{"rendered":"http:\/\/epfl.local\/?post_type=product&#038;p=6234"},"modified":"2026-01-26T10:01:23","modified_gmt":"2026-01-26T08:01:23","slug":"eesti-pressifoto-2025","status":"publish","type":"product","link":"https:\/\/www.epfl.ee\/wordpress\/pood\/eesti-pressifoto-2025\/","title":{"rendered":"Eesti Pressifoto 2025"},"content":{"rendered":"<p><iframe title=\"Eesti Pressifoto 2025\" src=\"https:\/\/e.issuu.com\/embed.html?u=eestipressifotograafideliit&#038;d=eesti_pressifoto_2025\" style=\"border:none; width: 800px; height: 613px;\" allow=\"clipboard-write,allow-top-navigation,allow-top-navigation-by-user-activation,allow-downloads,allow-scripts,allow-same-origin,allow-popups,allow-modals,allow-popups-to-escape-sandbox,allow-forms\"  allowfullscreen=\"true\"><\/iframe><\/p>\n<p>Kirglik teekond mugavusest meeletuse poole<\/p>\n<p>Hea ajakirjandusvoto ei s\u00f5ltu \u00fcksnes sellest, kui h\u00e4sti sa pildistada oskad. Kompaktkaamerate k\u00e4ttesaadavus \u00f5petas meid k\u00f5iki p\u00e4\u00e4stikule vajutama, pildistatavate telefonide tulek v\u00f5ttis maha paljud piirangud ning tehisaru loodud algoritmid kannavad hoolt, et iga kujutis oleks terav ja t\u00e4pne. S\u00fcnteetiline m\u00f5istus seab v\u00e4rvid ja fookuse ning eemaldab k\u00f5ik \u00fcleliigse. Mis j\u00e4\u00e4b siis masinate ja massipiltnike ajastul pressifotograafile? Mis j\u00e4\u00e4b meile siis, kui meisterlikkus ei loe ja kui tehniline t\u00e4iuslikkus on iga\u00fchel? N\u00e4rv ja julgus, elukogemus ja kohusetunne? Inimlikkus ja vaist? Meeletus ja kirg?<\/p>\n<p>V\u00e4ino Koorberg, 2024. a pressifoto konkursi \u017e\u00fcrii esimees, Eesti Meediaettev\u00f5tete Liidu tegevjuht<\/p>\n<p>126 lk<\/p>\n","protected":false},"excerpt":{"rendered":"<p>2024. aasta parimad pressifotod kategooriates uudisfoto, olemusfoto, portreefoto ja spordifoto.<\/p>\n","protected":false},"featured_media":6316,"template":"","meta":{"_acf_changed":false},"product_brand":[],"product_cat":[62],"product_tag":[],"class_list":{"0":"post-6234","1":"product","2":"type-product","3":"status-publish","4":"has-post-thumbnail","6":"product_cat-raamat","8":"first","9":"instock","10":"purchasable","11":"product-type-simple"},"acf":[],"jetpack_sharing_enabled":true,"_links":{"self":[{"href":"https:\/\/www.epfl.ee\/wordpress\/wp-json\/wp\/v2\/product\/6234","targetHints":{"allow":["GET"]}}],"collection":[{"href":"https:\/\/www.epfl.ee\/wordpress\/wp-json\/wp\/v2\/product"}],"about":[{"href":"https:\/\/www.epfl.ee\/wordpress\/wp-json\/wp\/v2\/types\/product"}],"wp:featuredmedia":[{"embeddable":true,"href":"https:\/\/www.epfl.ee\/wordpress\/wp-json\/wp\/v2\/media\/6316"}],"wp:attachment":[{"href":"https:\/\/www.epfl.ee\/wordpress\/wp-json\/wp\/v2\/media?parent=6234"}],"wp:term":[{"taxonomy":"product_brand","embeddable":true,"href":"https:\/\/www.epfl.ee\/wordpress\/wp-json\/wp\/v2\/product_brand?post=6234"},{"taxonomy":"product_cat","embeddable":true,"href":"https:\/\/www.epfl.ee\/wordpress\/wp-json\/wp\/v2\/product_cat?post=6234"},{"taxonomy":"product_tag","embeddable":true,"href":"https:\/\/www.epfl.ee\/wordpress\/wp-json\/wp\/v2\/product_tag?post=6234"}],"curies":[{"name":"wp","href":"https:\/\/api.w.org\/{rel}","templated":true}]}}