{"id":6232,"date":"2025-12-14T18:29:47","date_gmt":"2025-12-14T16:29:47","guid":{"rendered":"http:\/\/epfl.local\/?post_type=product&#038;p=6232"},"modified":"2025-12-16T17:56:36","modified_gmt":"2025-12-16T15:56:36","slug":"eesti-pressifoto-2020","status":"publish","type":"product","link":"https:\/\/www.epfl.ee\/wordpress\/pood\/eesti-pressifoto-2020\/","title":{"rendered":"Eesti Pressifoto 2020"},"content":{"rendered":"<p>2019. aasta parim pressifoto s\u00fcndis t\u00e4nu oskusele olla \u00f5igel ajal \u00f5iges kohas, oodata, tunda \u00f5hus peatseid arenguid, n\u00e4ha s\u00fcndmuste kulgu ette, reageerida kiiresti. Higistama v\u00f5is see k\u00f5ik ehk panna, kuid verd ja pisaraid ei pidanud foto autor siiski valama, k\u00fcll aga tegid seda fotole p\u00fc\u00fctud tegelased.<\/p>\n<p>Pressifotograafi \u00fcks olulisemaid oskusi on n\u00e4ha kulisside taha, m\u00f5ista ebak\u00f5la selle vahel, mida talle tahetakse n\u00e4idata ja kuidas on asjad tegelikult. Lisaks tuleb osata demonstreerida seda ebak\u00f5la vaatajale. Aasta-aastalt see oskus edeneb, kui seda teadlikult arendada. V\u00e4\u00e4rt pressifoto r\u00e4\u00e4gibki lugu ja hea lugu suudab murda rahvuse ja kultuuride piiridest v\u00e4ljapoole.<\/p>\n<p>Eero Vabam\u00e4gi, EPFL-i raamatuprojekti juht<\/p>\n<p>Raamatus on ka pikk intrervjuu s\u00f5jafotograaf James Nachtwey\u2019ga sellest, kuidas m\u00f5jutab reporterit pidev valu ja kurjuse kogemine l\u00e4bi kaamera objektiivi. Nachtwey n\u00e4itus oli avatud Fotografiska galeriis Tallinnas 2019. a l\u00f5pus-2020. a alguses. Samuti \u00fclevaade Eesti Pressifotograafide Liidu esimesest k\u00fcmnest tegutsemisaastast.<\/p>\n<p>Eesti Kunstiakadeemia fotoprofessori Marge Monko tagasivaade Eesti pressifoto konkursi 23 aastale pakub suurep\u00e4rast k\u00f5rvalseisja pilku pressipiltnike p\u00e4randile ja kinnitab, et fotograafide tase on vaieldamatult t\u00f5usuteel. Lisaks ka \u00fclevaade aasta pressivideo konkursi tulemustest.<\/p>\n<p>168 lk, suurem formaat<\/p>\n","protected":false},"excerpt":{"rendered":"<p>2019. aasta parimad pressifotod ning p\u00f5nevad fototeemalised artiklid ja intervjuud.<\/p>\n","protected":false},"featured_media":6317,"template":"","meta":{"_acf_changed":false},"product_brand":[],"product_cat":[62],"product_tag":[],"class_list":{"0":"post-6232","1":"product","2":"type-product","3":"status-publish","4":"has-post-thumbnail","6":"product_cat-raamat","8":"first","9":"instock","10":"purchasable","11":"product-type-simple"},"acf":[],"jetpack_sharing_enabled":true,"_links":{"self":[{"href":"https:\/\/www.epfl.ee\/wordpress\/wp-json\/wp\/v2\/product\/6232","targetHints":{"allow":["GET"]}}],"collection":[{"href":"https:\/\/www.epfl.ee\/wordpress\/wp-json\/wp\/v2\/product"}],"about":[{"href":"https:\/\/www.epfl.ee\/wordpress\/wp-json\/wp\/v2\/types\/product"}],"wp:featuredmedia":[{"embeddable":true,"href":"https:\/\/www.epfl.ee\/wordpress\/wp-json\/wp\/v2\/media\/6317"}],"wp:attachment":[{"href":"https:\/\/www.epfl.ee\/wordpress\/wp-json\/wp\/v2\/media?parent=6232"}],"wp:term":[{"taxonomy":"product_brand","embeddable":true,"href":"https:\/\/www.epfl.ee\/wordpress\/wp-json\/wp\/v2\/product_brand?post=6232"},{"taxonomy":"product_cat","embeddable":true,"href":"https:\/\/www.epfl.ee\/wordpress\/wp-json\/wp\/v2\/product_cat?post=6232"},{"taxonomy":"product_tag","embeddable":true,"href":"https:\/\/www.epfl.ee\/wordpress\/wp-json\/wp\/v2\/product_tag?post=6232"}],"curies":[{"name":"wp","href":"https:\/\/api.w.org\/{rel}","templated":true}]}}