{"id":6230,"date":"2025-12-14T18:17:08","date_gmt":"2025-12-14T16:17:08","guid":{"rendered":"http:\/\/epfl.local\/?post_type=product&#038;p=6230"},"modified":"2025-12-16T18:05:33","modified_gmt":"2025-12-16T16:05:33","slug":"eesti-pressifoto-2016","status":"publish","type":"product","link":"https:\/\/www.epfl.ee\/wordpress\/pood\/eesti-pressifoto-2016\/","title":{"rendered":"Eesti Pressifoto 2016"},"content":{"rendered":"<p>N\u00e4iline reaalsus. Erik Prozes<\/p>\n<p>Pressifotograafia eellugu: s\u00fcndmuste j\u00e4\u00e4dvustamise algus Eestis. T\u00f5nis Liibek<\/p>\n<p>Sissejuhatus. Andres Haabu<\/p>\n<p>2015. aasta parimad pressifotod kategooriates: uudisfoto, olemusfoto, portreefoto, spordifoto<\/p>\n<p>\u00dchest s\u00f5nast ei piisa, \u00fchest pildist aga k\u00fcll. V\u00e4ino Koorberg, 2015. aasta pressifoto konkursi \u017e\u00fcrii esimees, \u00d5htulehe peatoimetaja<\/p>\n<p>Pelgusest on saadud \u00fcle. Indrek Treufeldt, 2015. aasta pressivideo konkursi \u017e\u00fcrii esimees<\/p>\n<p>Pressivideo 2015<\/p>\n<p>Muutuste ootel: pilguheit 1970.-1980. aastate Eesti pressifotole. Peeter Langovits<\/p>\n<p>148 lk<\/p>\n","protected":false},"excerpt":{"rendered":"<p>2015. aasta parimad pressifotod ja -videod ning p\u00f5nevad fototeemalised artiklid.<\/p>\n","protected":false},"featured_media":6321,"template":"","meta":{"_acf_changed":false},"product_brand":[],"product_cat":[62],"product_tag":[],"class_list":{"0":"post-6230","1":"product","2":"type-product","3":"status-publish","4":"has-post-thumbnail","6":"product_cat-raamat","8":"first","9":"instock","10":"purchasable","11":"product-type-simple"},"acf":[],"jetpack_sharing_enabled":true,"_links":{"self":[{"href":"https:\/\/www.epfl.ee\/wordpress\/wp-json\/wp\/v2\/product\/6230","targetHints":{"allow":["GET"]}}],"collection":[{"href":"https:\/\/www.epfl.ee\/wordpress\/wp-json\/wp\/v2\/product"}],"about":[{"href":"https:\/\/www.epfl.ee\/wordpress\/wp-json\/wp\/v2\/types\/product"}],"wp:featuredmedia":[{"embeddable":true,"href":"https:\/\/www.epfl.ee\/wordpress\/wp-json\/wp\/v2\/media\/6321"}],"wp:attachment":[{"href":"https:\/\/www.epfl.ee\/wordpress\/wp-json\/wp\/v2\/media?parent=6230"}],"wp:term":[{"taxonomy":"product_brand","embeddable":true,"href":"https:\/\/www.epfl.ee\/wordpress\/wp-json\/wp\/v2\/product_brand?post=6230"},{"taxonomy":"product_cat","embeddable":true,"href":"https:\/\/www.epfl.ee\/wordpress\/wp-json\/wp\/v2\/product_cat?post=6230"},{"taxonomy":"product_tag","embeddable":true,"href":"https:\/\/www.epfl.ee\/wordpress\/wp-json\/wp\/v2\/product_tag?post=6230"}],"curies":[{"name":"wp","href":"https:\/\/api.w.org\/{rel}","templated":true}]}}