{"id":6229,"date":"2025-12-14T18:10:24","date_gmt":"2025-12-14T16:10:24","guid":{"rendered":"http:\/\/epfl.local\/?post_type=product&#038;p=6229"},"modified":"2025-12-16T17:58:20","modified_gmt":"2025-12-16T15:58:20","slug":"eesti-pressifoto-2019","status":"publish","type":"product","link":"https:\/\/www.epfl.ee\/wordpress\/pood\/eesti-pressifoto-2019\/","title":{"rendered":"Eesti Pressifoto 2019"},"content":{"rendered":"<p>Mida s\u00fcgavamalt kaevad, seda rohkem leiad. Stephanie Sinclairi intervjuu Birgit P\u00fcvele<\/p>\n<p>Markus Jokela ennustab hea foto renessanssi. Andres Teiss<\/p>\n<p>Sissejuhatus Eero Vabam\u00e4gi.<\/p>\n<p>2018. aasta parimad pressifotod kategooriates uudisfoto, olemusfoto, portreefoto, spordifoto.<\/p>\n<p>Kas olulisem on pilt v\u00f5i s\u00f5na? Holger Roonemaa, 2018. aasta pressifoto konkursi \u017e\u00fcrii esimees, Postimehe uuriva ajakirjanduse juht<\/p>\n<p>Aasta pressivideo 2018<\/p>\n<p>Eikellegimaa veebiv\u00e4ljaande ja telekanali vahel. J\u00fcri Pihel, 2018. aasta pressivideo konkursi \u017e\u00fcrii esimees, telere\u017eiss\u00f6\u00f6r ja -produtsent ning \u00f5ppej\u00f5ud<\/p>\n<p>Poliitilise foto areng tehnoloogiaajastul. T\u00f5nu Runnel<\/p>\n<p>Naised fotokaameraga. T\u00f5nis Liibek<\/p>\n","protected":false},"excerpt":{"rendered":"<p>2018. aasta parimad pressifotod ja -videod ning p\u00f5nevad fototeemalised artiklid.<\/p>\n","protected":false},"featured_media":6318,"template":"","meta":{"_acf_changed":false},"product_brand":[],"product_cat":[62],"product_tag":[],"class_list":{"0":"post-6229","1":"product","2":"type-product","3":"status-publish","4":"has-post-thumbnail","6":"product_cat-raamat","8":"first","9":"instock","10":"purchasable","11":"product-type-simple"},"acf":[],"jetpack_sharing_enabled":true,"_links":{"self":[{"href":"https:\/\/www.epfl.ee\/wordpress\/wp-json\/wp\/v2\/product\/6229","targetHints":{"allow":["GET"]}}],"collection":[{"href":"https:\/\/www.epfl.ee\/wordpress\/wp-json\/wp\/v2\/product"}],"about":[{"href":"https:\/\/www.epfl.ee\/wordpress\/wp-json\/wp\/v2\/types\/product"}],"wp:featuredmedia":[{"embeddable":true,"href":"https:\/\/www.epfl.ee\/wordpress\/wp-json\/wp\/v2\/media\/6318"}],"wp:attachment":[{"href":"https:\/\/www.epfl.ee\/wordpress\/wp-json\/wp\/v2\/media?parent=6229"}],"wp:term":[{"taxonomy":"product_brand","embeddable":true,"href":"https:\/\/www.epfl.ee\/wordpress\/wp-json\/wp\/v2\/product_brand?post=6229"},{"taxonomy":"product_cat","embeddable":true,"href":"https:\/\/www.epfl.ee\/wordpress\/wp-json\/wp\/v2\/product_cat?post=6229"},{"taxonomy":"product_tag","embeddable":true,"href":"https:\/\/www.epfl.ee\/wordpress\/wp-json\/wp\/v2\/product_tag?post=6229"}],"curies":[{"name":"wp","href":"https:\/\/api.w.org\/{rel}","templated":true}]}}