{"id":6177,"date":"2025-12-11T12:20:08","date_gmt":"2025-12-11T10:20:08","guid":{"rendered":"http:\/\/epfl.local\/?post_type=product&#038;p=6177"},"modified":"2025-12-16T18:02:32","modified_gmt":"2025-12-16T16:02:32","slug":"eesti-pressifoto-2018","status":"publish","type":"product","link":"https:\/\/www.epfl.ee\/wordpress\/pood\/eesti-pressifoto-2018\/","title":{"rendered":"Eesti Pressifoto 2018"},"content":{"rendered":"<p>Ausa k\u00e4sitluse kants maailma pressifotos. Birgit P\u00fcve intervjuu Maailma pressifoto konkursi direktori Micha Brunveisiga, kesjulgustab Eesti fotograafe jutustama piltidega lugusid, mida seni pole r\u00e4\u00e4gitud ja neid j\u00e4\u00e4dvustusi konkursile saatma.<\/p>\n<p>Erik Moora, pressifoto konkursi \u017e\u00fcrii esimees, Eesti Ekspressi peatoimetaja: Elu on eba\u00f5iglane<\/p>\n<p>V\u00f5in m\u00fcrki v\u00f5tta, et palju rohkemad m\u00e4letavad \u00fchte kaadrit \u00fchest \u00fcleannetust spordisussist \u00fche kettaheiteringi serval, natuke liiga kaugel. Ja me m\u00e4letame seda punast lippu ja Erki Noole ahastavat n\u00e4gu, kui ta kohtunikule h\u00fc\u00fcab: \u201cI don\u2019t feel it!\u201d<\/p>\n<p>\u00dcksainus pilt ja kogu emotsioonide kompott tuleb meelde. Selles seisnebki hea pildi v\u00e4gi. Kalkuleeritud kompositsioon, t\u00e4pne fookus, veatu s\u00e4ri ja \u00f5igesti valitud ISO v\u00f5ivad ju olla, aga pildi sisse p\u00fc\u00fctud emotsioon on see, mida asendada ei saa. Vahel paneb selle emotsiooni pildi sisse fotograafi v\u00f5i operaatori loov m\u00f5tlemine ja visa t\u00f6\u00f6, vahel teeb seda m\u00f5ne muidu tehniliselt suvalise kaadri puhul elu ise.<\/p>\n<p>Kindel on see, et v\u00e4ga suur osa pildist elabki mitte ekraanil, failis v\u00f5i fotopaberil, vaid vaataja sees. Vaatajast s\u00f5ltub k\u00f5ige rohkem, kas pilt hakkab elama ehk kas sinna peidetud emotsioon paiskub v\u00e4lja v\u00f5i mitte.<\/p>\n<p>Indrek Treufeldt, videokonkuris \u017e\u00fcrii esimees, ERRi toimetaja-saatejuht: M\u00f5nikord on selline tunne, et Punam\u00fctsike on saadetud ukse taha\u2026<\/p>\n<p>N\u00f5nda v\u00f5ib n\u00e4ha videolugusid, kus k\u00f5ige p\u00f5nevam on seal esindatud justkui juhuslikult. V\u00f5ib avastada v\u00e4ga lahedaid, hea jutuga tegelasi, kellele antakse s\u00f5na aga vaid viivuks. V\u00f5i on unustatud \u00fcles v\u00f5tta k\u00f5ige olulisemad visuaalsed detailid, mis aitaksid lugu m\u00f5ista ja seda p\u00f5nevamaks muuta.<\/p>\n<p>Teel fotojutustuse poole, ajaloolane T\u00f5nis Liibek vaatab tagasi ajale, kui Eestis hakati \u00fcksikuid fotosid esimest korda seadma kokku pildiseeriateks, mis jutustasid lugu.<\/p>\n<p>Eesti spordifotograafia tipud \u00fche laua taga. Siim Semiskar t\u00f5i kokku kahe eri p\u00f5lvkonna spordifotograafid Lembit Peegli ja Joosep Martinsoni, et arutada, kuidas on spordi pildistamine aastatega muutunud.<\/p>\n<p>Kaamera pole kuulikindel, Andres Putting \u00f5ppis Andaluusia l\u00f5\u00f5skava p\u00e4ikese all, kuidas konfliktiolukordades pildistada, aga mis veel olulisem, ellu j\u00e4\u00e4da.<\/p>\n<p>144 lk, suurem formaat<\/p>\n","protected":false},"excerpt":{"rendered":"<p>2017. aasta pressifoto konkursi parimad t\u00f6\u00f6d ja p\u00f5nevad artiklid.<\/p>\n","protected":false},"featured_media":6319,"template":"","meta":{"_acf_changed":false},"product_brand":[],"product_cat":[62],"product_tag":[63],"class_list":{"0":"post-6177","1":"product","2":"type-product","3":"status-publish","4":"has-post-thumbnail","6":"product_cat-raamat","7":"product_tag-aastaraamat","9":"first","10":"instock","11":"purchasable","12":"product-type-simple"},"acf":[],"jetpack_sharing_enabled":true,"_links":{"self":[{"href":"https:\/\/www.epfl.ee\/wordpress\/wp-json\/wp\/v2\/product\/6177","targetHints":{"allow":["GET"]}}],"collection":[{"href":"https:\/\/www.epfl.ee\/wordpress\/wp-json\/wp\/v2\/product"}],"about":[{"href":"https:\/\/www.epfl.ee\/wordpress\/wp-json\/wp\/v2\/types\/product"}],"wp:featuredmedia":[{"embeddable":true,"href":"https:\/\/www.epfl.ee\/wordpress\/wp-json\/wp\/v2\/media\/6319"}],"wp:attachment":[{"href":"https:\/\/www.epfl.ee\/wordpress\/wp-json\/wp\/v2\/media?parent=6177"}],"wp:term":[{"taxonomy":"product_brand","embeddable":true,"href":"https:\/\/www.epfl.ee\/wordpress\/wp-json\/wp\/v2\/product_brand?post=6177"},{"taxonomy":"product_cat","embeddable":true,"href":"https:\/\/www.epfl.ee\/wordpress\/wp-json\/wp\/v2\/product_cat?post=6177"},{"taxonomy":"product_tag","embeddable":true,"href":"https:\/\/www.epfl.ee\/wordpress\/wp-json\/wp\/v2\/product_tag?post=6177"}],"curies":[{"name":"wp","href":"https:\/\/api.w.org\/{rel}","templated":true}]}}