{"id":6018,"date":"2025-12-08T09:01:35","date_gmt":"2025-12-08T07:01:35","guid":{"rendered":"http:\/\/epfl.local\/?post_type=product&#038;p=6018"},"modified":"2026-03-05T14:56:20","modified_gmt":"2026-03-05T12:56:20","slug":"eesti-pressifoto-2011","status":"publish","type":"product","link":"https:\/\/www.epfl.ee\/wordpress\/pood\/eesti-pressifoto-2011\/","title":{"rendered":"Eesti Pressifoto 2011"},"content":{"rendered":"<p>Lisaks eelmise aasta k\u00f5nekaimatele ajakirjandusfotodele sisaldab raamat ka pressifotograafia teemalisi artikleid. Konkursile laekunud fotodele annab hinnangu \u017e\u00fcrii esimees Margus Mets. Kunstiteadlane Anneli Porri anal\u00fc\u00fcsib pressifotot kunstina. Rohkete fotodega illustreeritud artiklis uurib ajaloolane T\u00f5nis Liibek Teisei Maailmas\u00f5ja aegset propagandat Eesti tolleaegsetel ajakirjandusfotodel. Muide, v\u00e4hemalt \u00fcks neist fotodest on t\u00f5eline rariteet!<\/p>\n<p>Raamatusse lisandus ka uus rubriik, kus t\u00f5stetakse esile Eesti ajakirjandusfotograafide silmapaistvamaid fotosid minevikust. Esimene foto on Harald Leppiksoni \u201cBallaad leivast\u201d (1980), mida artikli autor fotograafi pereliikmete, tolleaegsete kolleegide ja kunstiteadlaste abil lahti m\u00f5testada p\u00fc\u00fcab. Eraldi artiklis k\u00e4sitleb \u201cBallaadi leivast\u201d ka kultuurisemiootik Peeter Torop.<\/p>\n<p>Pehme k\u00f6ide, 250&#215;297 mm, 106 lk.<\/p>\n","protected":false},"excerpt":{"rendered":"<p>Eesti Pressifoto konkursi 2011. aasta parimad t\u00f6\u00f6d ja ajakirjandusfotot m\u00f5testavad artiklid.<\/p>\n","protected":false},"featured_media":6324,"template":"","meta":{"_acf_changed":false},"product_brand":[],"product_cat":[62],"product_tag":[63],"class_list":{"0":"post-6018","1":"product","2":"type-product","3":"status-publish","4":"has-post-thumbnail","6":"product_cat-raamat","7":"product_tag-aastaraamat","9":"first","10":"instock","11":"purchasable","12":"product-type-simple"},"acf":[],"jetpack_sharing_enabled":true,"_links":{"self":[{"href":"https:\/\/www.epfl.ee\/wordpress\/wp-json\/wp\/v2\/product\/6018","targetHints":{"allow":["GET"]}}],"collection":[{"href":"https:\/\/www.epfl.ee\/wordpress\/wp-json\/wp\/v2\/product"}],"about":[{"href":"https:\/\/www.epfl.ee\/wordpress\/wp-json\/wp\/v2\/types\/product"}],"wp:featuredmedia":[{"embeddable":true,"href":"https:\/\/www.epfl.ee\/wordpress\/wp-json\/wp\/v2\/media\/6324"}],"wp:attachment":[{"href":"https:\/\/www.epfl.ee\/wordpress\/wp-json\/wp\/v2\/media?parent=6018"}],"wp:term":[{"taxonomy":"product_brand","embeddable":true,"href":"https:\/\/www.epfl.ee\/wordpress\/wp-json\/wp\/v2\/product_brand?post=6018"},{"taxonomy":"product_cat","embeddable":true,"href":"https:\/\/www.epfl.ee\/wordpress\/wp-json\/wp\/v2\/product_cat?post=6018"},{"taxonomy":"product_tag","embeddable":true,"href":"https:\/\/www.epfl.ee\/wordpress\/wp-json\/wp\/v2\/product_tag?post=6018"}],"curies":[{"name":"wp","href":"https:\/\/api.w.org\/{rel}","templated":true}]}}