{"id":6017,"date":"2025-12-08T08:42:43","date_gmt":"2025-12-08T06:42:43","guid":{"rendered":"http:\/\/epfl.local\/?post_type=product&#038;p=6017"},"modified":"2026-03-05T14:56:20","modified_gmt":"2026-03-05T12:56:20","slug":"eesti-pressifoto-2010","status":"publish","type":"product","link":"https:\/\/www.epfl.ee\/wordpress\/pood\/eesti-pressifoto-2010\/","title":{"rendered":"Eesti Pressifoto 2010"},"content":{"rendered":"<p>Esimene pressifotode aastakogumik sarjast \u201cEesti Pressifoto\u201d.<\/p>\n<p>\u2013 37 Eesti pressifotograafi tabamused aastast 2010.<br \/>\n\u2013 Foto\u017e\u00fcrii esimehe ja \u00d5htulehe peatoimetaja V\u00e4ino Koorbergi hinnang 2010. aasta fotosaagile.<br \/>\n\u2013 Meediaekspert Tiit Hennoste vaade Eesti pressifotograafiasse.<br \/>\n\u2013 Kultuuriajaloolane T\u00f5nis Liibek pressifotograafia s\u00fcnnist Eestis. Koos fotodega.<\/p>\n<p>Raamatut toimetasid Erik Prozes ja Raigo Pajula. Raamatu kujundas Sverre Lasn. Raamatu v\u00e4ljaandmist toetasid NIKON ja Tallinn 2011.<\/p>\n<p>Pehmekaaneline, 210&#215;297 mm, 106 lk.<\/p>\n","protected":false},"excerpt":{"rendered":"<p>Raamatus &#8220;Eesti Pressifoto 2010&#8221; on avaldatud 2010. aasta pressifoto konkursi parimad t\u00f6\u00f6d.<\/p>\n","protected":false},"featured_media":6325,"template":"","meta":{"_acf_changed":false},"product_brand":[],"product_cat":[62],"product_tag":[63],"class_list":{"0":"post-6017","1":"product","2":"type-product","3":"status-publish","4":"has-post-thumbnail","6":"product_cat-raamat","7":"product_tag-aastaraamat","9":"first","10":"instock","11":"purchasable","12":"product-type-simple"},"acf":[],"jetpack_sharing_enabled":true,"_links":{"self":[{"href":"https:\/\/www.epfl.ee\/wordpress\/wp-json\/wp\/v2\/product\/6017","targetHints":{"allow":["GET"]}}],"collection":[{"href":"https:\/\/www.epfl.ee\/wordpress\/wp-json\/wp\/v2\/product"}],"about":[{"href":"https:\/\/www.epfl.ee\/wordpress\/wp-json\/wp\/v2\/types\/product"}],"wp:featuredmedia":[{"embeddable":true,"href":"https:\/\/www.epfl.ee\/wordpress\/wp-json\/wp\/v2\/media\/6325"}],"wp:attachment":[{"href":"https:\/\/www.epfl.ee\/wordpress\/wp-json\/wp\/v2\/media?parent=6017"}],"wp:term":[{"taxonomy":"product_brand","embeddable":true,"href":"https:\/\/www.epfl.ee\/wordpress\/wp-json\/wp\/v2\/product_brand?post=6017"},{"taxonomy":"product_cat","embeddable":true,"href":"https:\/\/www.epfl.ee\/wordpress\/wp-json\/wp\/v2\/product_cat?post=6017"},{"taxonomy":"product_tag","embeddable":true,"href":"https:\/\/www.epfl.ee\/wordpress\/wp-json\/wp\/v2\/product_tag?post=6017"}],"curies":[{"name":"wp","href":"https:\/\/api.w.org\/{rel}","templated":true}]}}