{"id":62,"date":"2010-08-14T19:23:15","date_gmt":"2010-08-14T16:23:15","guid":{"rendered":"http:\/\/eestipressifotograafideliit.wordpress.com\/"},"modified":"2025-12-11T12:00:51","modified_gmt":"2025-12-11T10:00:51","slug":"milleks-liituda","status":"publish","type":"page","link":"https:\/\/www.epfl.ee\/wordpress\/milleks-liituda\/","title":{"rendered":"Milleks liituda"},"content":{"rendered":"<p>Ootme oma liikmeskonda k\u00f5iki koosseisulisi ja vabakutselisi fotograafe, kes teevad regulaarset kaast\u00f6\u00f6d onlain- ja paberv\u00e4ljaannetele ning soovivad arendada seltsi eesm\u00e4rkidega koosk\u00f5las olevat tegevust.<\/p>\n<p>Eestis on ligi 100 tegevpressifotograafi. Neist 50 t\u00f6\u00f6tavad koosseisulistena EALLi liikmeslehtedes.<\/p>\n<p><strong>Mida Sa liitumisest v\u00f5idad<\/strong><\/p>\n<ul>\n<li>\u00dchtekuuluvustunnet, sotsiaalset suhtlemist, tagasisidet, kontakte<\/li>\n<li>Koolitusi, seminare nii Eestis, kui ka v\u00e4lisriikides<\/li>\n<li>\u00d5iguse kasutada oma nime juures l\u00fchendit EPFL<\/li>\n<li>M\u00f5jutada Eesti pressifoto elu<\/li>\n<li>H\u00e4sti organiseeritud Aasta Pressifoto konkursi<\/li>\n<li>Efektse ja m\u00f5juka Aasta Pressifoto n\u00e4ituse<\/li>\n<li>Aasta Pressifoto albumi<\/li>\n<li>Kuulumine liitu v\u00f5imaldab Sulle seda, mida \u00fcksinda saavutada oleks keeruline.<\/li>\n<\/ul>\n<p><strong>Miks on EPFL hea erialaliit<\/strong><\/p>\n<ol>\n<li>EPFL \u00fchendab v\u00e4ga selget fotograafide gruppi \u2013 pressifotograafe. Meid \u00fchendavad koolitused, konkursid, ametieetika, \u00fchised l\u00e4bielamised jne<\/li>\n<li>Oleme siiralt pressifotograafia eest v\u00e4ljas ja meil puudub soov teenida mt\u00fc tegevusest isiklikku rahalist tulu. Oleme oma tegevuses absoluutselt l\u00e4bipaistvad.<\/li>\n<li>Kasvatame uut p\u00f5lvkonda ja paneme t\u00e4hele vanade tegijate (elu)tarkust.<\/li>\n<li>Meil on v\u00e4ga selged eesm\u00e4rgid ja demokraatlikult valitud meeskond, kes neid m\u00f5\u00f5detult ellu viib.<\/li>\n<\/ol>\n<p><a href=\"https:\/\/www.epfl.ee\/wordpress\/kuidas-liituda\/\">Kuidas liituda<\/a><\/p>\n<p><a href=\"https:\/\/www.epfl.ee\/wordpress\/tule-opilasliikmeks\/\">Tule \u00f5pilasliikmeks!<\/a><\/p>\n<p><a href=\"https:\/\/www.epfl.ee\/wordpress\/tule-toetajaliikmeks\/\">Tule toetajaliikmeks!<\/a><\/p>\n","protected":false},"excerpt":{"rendered":"<p>Ootme oma liikmeskonda k\u00f5iki koosseisulisi ja vabakutselisi fotograafe, kes teevad regulaarset kaast\u00f6\u00f6d onlain- ja paberv\u00e4ljaannetele ning soovivad arendada seltsi eesm\u00e4rkidega koosk\u00f5las olevat tegevust. Eestis on ligi 100 tegevpressifotograafi. Neist 50 t\u00f6\u00f6tavad koosseisulistena EALLi liikmeslehtedes. Mida Sa liitumisest v\u00f5idad \u00dchtekuuluvustunnet, sotsiaalset suhtlemist, tagasisidet, kontakte Koolitusi, seminare nii Eestis, kui ka v\u00e4lisriikides \u00d5iguse kasutada oma nime juures [&hellip;]<\/p>\n","protected":false},"author":8,"featured_media":5054,"parent":0,"menu_order":0,"comment_status":"closed","ping_status":"closed","template":"","meta":{"_acf_changed":false,"footnotes":""},"class_list":["post-62","page","type-page","status-publish","has-post-thumbnail","hentry"],"acf":[],"jetpack_shortlink":"https:\/\/wp.me\/P3dWMc-10","jetpack_sharing_enabled":true,"_links":{"self":[{"href":"https:\/\/www.epfl.ee\/wordpress\/wp-json\/wp\/v2\/pages\/62","targetHints":{"allow":["GET"]}}],"collection":[{"href":"https:\/\/www.epfl.ee\/wordpress\/wp-json\/wp\/v2\/pages"}],"about":[{"href":"https:\/\/www.epfl.ee\/wordpress\/wp-json\/wp\/v2\/types\/page"}],"author":[{"embeddable":true,"href":"https:\/\/www.epfl.ee\/wordpress\/wp-json\/wp\/v2\/users\/8"}],"replies":[{"embeddable":true,"href":"https:\/\/www.epfl.ee\/wordpress\/wp-json\/wp\/v2\/comments?post=62"}],"version-history":[{"count":11,"href":"https:\/\/www.epfl.ee\/wordpress\/wp-json\/wp\/v2\/pages\/62\/revisions"}],"predecessor-version":[{"id":4285,"href":"https:\/\/www.epfl.ee\/wordpress\/wp-json\/wp\/v2\/pages\/62\/revisions\/4285"}],"wp:featuredmedia":[{"embeddable":true,"href":"https:\/\/www.epfl.ee\/wordpress\/wp-json\/wp\/v2\/media\/5054"}],"wp:attachment":[{"href":"https:\/\/www.epfl.ee\/wordpress\/wp-json\/wp\/v2\/media?parent=62"}],"curies":[{"name":"wp","href":"https:\/\/api.w.org\/{rel}","templated":true}]}}