{"id":5795,"date":"2025-12-10T12:47:21","date_gmt":"2025-12-10T10:47:21","guid":{"rendered":"http:\/\/epfl.local\/?page_id=5795"},"modified":"2026-05-04T14:14:46","modified_gmt":"2026-05-04T11:14:46","slug":"esileht","status":"publish","type":"page","link":"https:\/\/www.epfl.ee\/wordpress\/","title":{"rendered":"Esileht"},"content":{"rendered":"\t\t<div data-elementor-type=\"wp-post\" data-elementor-id=\"5795\" class=\"elementor elementor-5795\" wpc-filter-elementor-widget=\"1\" data-elementor-post-type=\"page\">\n\t\t\t\t<div class=\"elementor-element elementor-element-7e7a3211 e-con-full e-flex e-con e-parent\" data-id=\"7e7a3211\" data-element_type=\"container\" data-e-type=\"container\" data-settings=\"{&quot;background_background&quot;:&quot;slideshow&quot;,&quot;background_slideshow_gallery&quot;:[{&quot;id&quot;:6502,&quot;url&quot;:&quot;https:\\\/\\\/www.epfl.ee\\\/wordpress\\\/wp-content\\\/uploads\\\/2026\\\/02\\\/Uudis_Nunnad_hoos_StanislavMoskov_Postimees.webp&quot;},{&quot;id&quot;:6499,&quot;url&quot;:&quot;https:\\\/\\\/www.epfl.ee\\\/wordpress\\\/wp-content\\\/uploads\\\/2026\\\/02\\\/Olemus_Nakkab_hasti_MailiisOllino_ParnuPostimees.webp&quot;},{&quot;id&quot;:6500,&quot;url&quot;:&quot;https:\\\/\\\/www.epfl.ee\\\/wordpress\\\/wp-content\\\/uploads\\\/2026\\\/02\\\/Portree_Ukraina_poolel_voitlev_Vene_sodur_KiurKaasik_Postimees.webp&quot;},{&quot;id&quot;:6501,&quot;url&quot;:&quot;https:\\\/\\\/www.epfl.ee\\\/wordpress\\\/wp-content\\\/uploads\\\/2026\\\/02\\\/Sport_Iga_lopp_on_millegi_algus_MihkelMaripuu_Postimees.webp&quot;},{&quot;id&quot;:6489,&quot;url&quot;:&quot;https:\\\/\\\/www.epfl.ee\\\/wordpress\\\/wp-content\\\/uploads\\\/2026\\\/02\\\/1MP20FEB2026C36_v.jpg&quot;}],&quot;background_slideshow_loop&quot;:&quot;yes&quot;,&quot;background_slideshow_slide_duration&quot;:5000,&quot;background_slideshow_slide_transition&quot;:&quot;fade&quot;,&quot;background_slideshow_transition_duration&quot;:500}\">\n\t\t<div class=\"elementor-element elementor-element-98fc7f2 e-con-full e-flex e-con e-child\" data-id=\"98fc7f2\" data-element_type=\"container\" data-e-type=\"container\">\n\t\t\t\t<div class=\"elementor-element elementor-element-2deec14 elementor-widget elementor-widget-heading\" data-id=\"2deec14\" data-element_type=\"widget\" data-e-type=\"widget\" data-settings=\"{&quot;motion_fx_motion_fx_scrolling&quot;:&quot;yes&quot;,&quot;motion_fx_translateY_effect&quot;:&quot;yes&quot;,&quot;motion_fx_translateY_direction&quot;:&quot;negative&quot;,&quot;motion_fx_translateY_affectedRange&quot;:{&quot;unit&quot;:&quot;%&quot;,&quot;size&quot;:&quot;&quot;,&quot;sizes&quot;:{&quot;start&quot;:50,&quot;end&quot;:100}},&quot;motion_fx_devices&quot;:[&quot;tablet&quot;],&quot;motion_fx_translateY_speed&quot;:{&quot;unit&quot;:&quot;px&quot;,&quot;size&quot;:4,&quot;sizes&quot;:[]}}\" data-widget_type=\"heading.default\">\n\t\t\t\t\t<h1 class=\"elementor-heading-title elementor-size-default\">Eesti Pressifotograafide Liit<\/h1>\t\t\t\t<\/div>\n\t\t\t\t<\/div>\n\t\t<div class=\"elementor-element elementor-element-147be1e7 e-con-full e-flex e-con e-child\" data-id=\"147be1e7\" data-element_type=\"container\" data-e-type=\"container\" data-settings=\"{&quot;background_background&quot;:&quot;classic&quot;}\">\n\t\t\t\t<div class=\"elementor-element elementor-element-26f07d93 elementor-widget elementor-widget-text-editor\" data-id=\"26f07d93\" data-element_type=\"widget\" data-e-type=\"widget\" data-widget_type=\"text-editor.default\">\n\t\t\t\t\t\t\t\t\t<p>EPFLi eesm\u00e4rgiks on \u00fchendada Eesti pressifotograafe, kasvatada pressifotograafide hulgas \u00fchtekuuluvustunnet, edendada kutse\u00f5pet ja ametioskusi, kaitsta liikmete ametialaseid huve ja seista liikmete professionaalsete \u00f5iguste ja eetika eest.<\/p>\t\t\t\t\t\t\t\t<\/div>\n\t\t\t\t<div class=\"elementor-element elementor-element-6fff8092 elementor-icon-list--layout-traditional elementor-list-item-link-full_width elementor-widget elementor-widget-icon-list\" data-id=\"6fff8092\" data-element_type=\"widget\" data-e-type=\"widget\" data-widget_type=\"icon-list.default\">\n\t\t\t\t\t\t\t<ul class=\"elementor-icon-list-items\">\n\t\t\t\t\t\t\t<li class=\"elementor-icon-list-item\">\n\t\t\t\t\t\t\t\t\t\t\t<a href=\"https:\/\/www.epfl.ee\/wordpress\/pressifotod\/\">\n\n\t\t\t\t\t\t\t\t\t\t\t\t<span class=\"elementor-icon-list-icon\">\n\t\t\t\t\t\t\t<i aria-hidden=\"true\" class=\"fas fa-arrow-right\"><\/i>\t\t\t\t\t\t<\/span>\n\t\t\t\t\t\t\t\t\t\t<span class=\"elementor-icon-list-text\">Aasta Pressifoto<\/span>\n\t\t\t\t\t\t\t\t\t\t\t<\/a>\n\t\t\t\t\t\t\t\t\t<\/li>\n\t\t\t\t\t\t\t\t<li class=\"elementor-icon-list-item\">\n\t\t\t\t\t\t\t\t\t\t\t<a href=\"#\">\n\n\t\t\t\t\t\t\t\t\t\t\t\t<span class=\"elementor-icon-list-icon\">\n\t\t\t\t\t\t\t<i aria-hidden=\"true\" class=\"fas fa-arrow-right\"><\/i>\t\t\t\t\t\t<\/span>\n\t\t\t\t\t\t\t\t\t\t<span class=\"elementor-icon-list-text\">Koolitused<\/span>\n\t\t\t\t\t\t\t\t\t\t\t<\/a>\n\t\t\t\t\t\t\t\t\t<\/li>\n\t\t\t\t\t\t\t\t<li class=\"elementor-icon-list-item\">\n\t\t\t\t\t\t\t\t\t\t\t<a href=\"https:\/\/www.epfl.ee\/wordpress\/eesmargid-ja-olemus\/\">\n\n\t\t\t\t\t\t\t\t\t\t\t\t<span class=\"elementor-icon-list-icon\">\n\t\t\t\t\t\t\t<i aria-hidden=\"true\" class=\"fas fa-arrow-right\"><\/i>\t\t\t\t\t\t<\/span>\n\t\t\t\t\t\t\t\t\t\t<span class=\"elementor-icon-list-text\">\u00d5iguste kaitse<\/span>\n\t\t\t\t\t\t\t\t\t\t\t<\/a>\n\t\t\t\t\t\t\t\t\t<\/li>\n\t\t\t\t\t\t\t\t<li class=\"elementor-icon-list-item\">\n\t\t\t\t\t\t\t\t\t\t\t<a href=\"https:\/\/www.epfl.ee\/wordpress\/milleks-liituda\/\">\n\n\t\t\t\t\t\t\t\t\t\t\t\t<span class=\"elementor-icon-list-icon\">\n\t\t\t\t\t\t\t<i aria-hidden=\"true\" class=\"fas fa-arrow-right\"><\/i>\t\t\t\t\t\t<\/span>\n\t\t\t\t\t\t\t\t\t\t<span class=\"elementor-icon-list-text\">Liitumine<\/span>\n\t\t\t\t\t\t\t\t\t\t\t<\/a>\n\t\t\t\t\t\t\t\t\t<\/li>\n\t\t\t\t\t\t<\/ul>\n\t\t\t\t\t\t<\/div>\n\t\t\t\t<\/div>\n\t\t\t\t<\/div>\n\t\t\t\t<\/div>\n\t\t","protected":false},"excerpt":{"rendered":"<p>Eesti Pressifotograafide Liit EPFLi eesm\u00e4rgiks on \u00fchendada Eesti pressifotograafe, kasvatada pressifotograafide hulgas \u00fchtekuuluvustunnet, edendada kutse\u00f5pet ja ametioskusi, kaitsta liikmete ametialaseid huve ja seista liikmete professionaalsete \u00f5iguste ja eetika eest. Aasta Pressifoto Koolitused \u00d5iguste kaitse Liitumine<\/p>\n","protected":false},"author":15,"featured_media":0,"parent":0,"menu_order":0,"comment_status":"closed","ping_status":"closed","template":"elementor_header_footer","meta":{"_acf_changed":false,"footnotes":""},"class_list":["post-5795","page","type-page","status-publish","hentry"],"acf":[],"jetpack_shortlink":"https:\/\/wp.me\/P3dWMc-1vt","jetpack_sharing_enabled":true,"_links":{"self":[{"href":"https:\/\/www.epfl.ee\/wordpress\/wp-json\/wp\/v2\/pages\/5795","targetHints":{"allow":["GET"]}}],"collection":[{"href":"https:\/\/www.epfl.ee\/wordpress\/wp-json\/wp\/v2\/pages"}],"about":[{"href":"https:\/\/www.epfl.ee\/wordpress\/wp-json\/wp\/v2\/types\/page"}],"author":[{"embeddable":true,"href":"https:\/\/www.epfl.ee\/wordpress\/wp-json\/wp\/v2\/users\/15"}],"replies":[{"embeddable":true,"href":"https:\/\/www.epfl.ee\/wordpress\/wp-json\/wp\/v2\/comments?post=5795"}],"version-history":[{"count":38,"href":"https:\/\/www.epfl.ee\/wordpress\/wp-json\/wp\/v2\/pages\/5795\/revisions"}],"predecessor-version":[{"id":6753,"href":"https:\/\/www.epfl.ee\/wordpress\/wp-json\/wp\/v2\/pages\/5795\/revisions\/6753"}],"wp:attachment":[{"href":"https:\/\/www.epfl.ee\/wordpress\/wp-json\/wp\/v2\/media?parent=5795"}],"curies":[{"name":"wp","href":"https:\/\/api.w.org\/{rel}","templated":true}]}}