{"id":5109,"date":"2023-02-17T13:30:41","date_gmt":"2023-02-17T11:30:41","guid":{"rendered":"http:\/\/epfl.local\/?page_id=5109"},"modified":"2025-11-12T18:39:28","modified_gmt":"2025-11-12T16:39:28","slug":"raamat-eesti-pressifoto-2023","status":"publish","type":"page","link":"https:\/\/www.epfl.ee\/wordpress\/raamat-eesti-pressifoto-2023\/","title":{"rendered":"Raamat Eesti Pressifoto 2023"},"content":{"rendered":"<div style=\"position: relative; padding-top: max(60%,326px); height: 0; width: 100%;\"><iframe style=\"position: absolute; border: none; width: 100%; height: 100%; left: 0; right: 0; top: 0; bottom: 0;\" src=\"https:\/\/e.issuu.com\/embed.html?d=eestipressifoto_2023_final&amp;u=eestipressifotograafideliit\" sandbox=\"allow-top-navigation allow-top-navigation-by-user-activation allow-downloads allow-scripts allow-same-origin allow-popups allow-modals allow-popups-to-escape-sandbox allow-forms\" allowfullscreen=\"allowfullscreen\"><\/iframe><\/div>\n<div id=\"simpay-stripe_checkout-form-wrap-5730\" data-id=\"simpay-form-5730-wrap\" class=\"simpay-form-wrap simpay-stripe_checkout-form-wrap\"><form action=\"\" method=\"post\" class=\"simpay-checkout-form simpay-form-5730 simpay-styled\" id=\"simpay-form-5730\" data-simpay-form-id=\"5730\" ><div class=\"simpay-form-control\"><button id=\"2\" class=\"simpay-btn simpay-payment-btn stripe-button-el\"><span>Osta kohe<\/span><\/button><\/div><div class=\"simpay-generic-error simpay-errors\" id=\"simpay-form-5730-error\" aria-live=\"assertive\" aria-relevant=\"additions text\" aria-atomic=\"true\"><\/div><input type=\"hidden\" name=\"simpay_form_id\" value=\"5730\" \/><input type=\"hidden\" name=\"simpay_amount\" value=\"\" class=\"simpay-amount\" \/><input type=\"hidden\" id=\"_wpnonce\" name=\"_wpnonce\" value=\"7cf08c3257\" \/><input type=\"hidden\" name=\"_wp_http_referer\" value=\"\/wordpress\/wp-json\/wp\/v2\/pages\/5109\" \/><\/form><\/div>\n<p><span style=\"font-weight: 400;\">Hind: 23 \u20ac<\/span><br \/>\n<span style=\"font-weight: 400;\">Hind sisaldab saatmiskulu DPD automaati<\/span><\/p>\n<p><span style=\"font-weight: 400;\">Osta raamat Eesti Pressifoto 2023 paberkandjal \u00fclaloleva nupu kaudu v\u00f5i v\u00f5ta \u00fchendust epfl@epfl.local<\/span><\/p>\n","protected":false},"excerpt":{"rendered":"<p>Hind: 23 \u20ac Hind sisaldab saatmiskulu DPD automaati Osta raamat Eesti Pressifoto 2023 paberkandjal \u00fclaloleva nupu kaudu v\u00f5i v\u00f5ta \u00fchendust epfl@epfl.local<\/p>\n","protected":false},"author":13,"featured_media":0,"parent":0,"menu_order":0,"comment_status":"closed","ping_status":"closed","template":"","meta":{"_acf_changed":false,"footnotes":""},"class_list":["post-5109","page","type-page","status-publish","hentry"],"acf":[],"jetpack_shortlink":"https:\/\/wp.me\/P3dWMc-1kp","jetpack_sharing_enabled":true,"_links":{"self":[{"href":"https:\/\/www.epfl.ee\/wordpress\/wp-json\/wp\/v2\/pages\/5109","targetHints":{"allow":["GET"]}}],"collection":[{"href":"https:\/\/www.epfl.ee\/wordpress\/wp-json\/wp\/v2\/pages"}],"about":[{"href":"https:\/\/www.epfl.ee\/wordpress\/wp-json\/wp\/v2\/types\/page"}],"author":[{"embeddable":true,"href":"https:\/\/www.epfl.ee\/wordpress\/wp-json\/wp\/v2\/users\/13"}],"replies":[{"embeddable":true,"href":"https:\/\/www.epfl.ee\/wordpress\/wp-json\/wp\/v2\/comments?post=5109"}],"version-history":[{"count":8,"href":"https:\/\/www.epfl.ee\/wordpress\/wp-json\/wp\/v2\/pages\/5109\/revisions"}],"predecessor-version":[{"id":5756,"href":"https:\/\/www.epfl.ee\/wordpress\/wp-json\/wp\/v2\/pages\/5109\/revisions\/5756"}],"wp:attachment":[{"href":"https:\/\/www.epfl.ee\/wordpress\/wp-json\/wp\/v2\/media?parent=5109"}],"curies":[{"name":"wp","href":"https:\/\/api.w.org\/{rel}","templated":true}]}}