{"id":187,"date":"2010-08-18T21:04:34","date_gmt":"2010-08-18T18:04:34","guid":{"rendered":"http:\/\/epfl.local\/?page_id=187"},"modified":"2025-10-22T15:14:12","modified_gmt":"2025-10-22T12:14:12","slug":"pohikiri","status":"publish","type":"page","link":"https:\/\/www.epfl.ee\/wordpress\/pohikiri\/","title":{"rendered":"P\u00f5hikiri"},"content":{"rendered":"<p>Eesti Pressifotograafide Liidu P\u00d5HIKIRI<br \/>\nI \u00dclds\u00e4tted<br \/>\n1. Mittetulundusu\u0308hing Eesti Pressifotograafide Liit (edaspidi: Selts) on vabatahtlikkuse alusel<br \/>\nu\u0308hinenud isikute iseseisev kasumit mitte taotlev organisatsioon, mis tegutseb avalikes huvides.<br \/>\n2. Seltsi asukohaks on Tallinn, Eesti Vabariik<br \/>\n3. Seltsi eesm\u00e4rgiks on u\u0308hendada riigi pressifotograafe, kasvatada pressifotograafide hulgas<br \/>\nu\u0308htekuuluvustunnet, edendada kutse\u00f5pet ja ametioskusi, kaitsta liikmete ametialaseid huve ja seista liikmete professionaalsete \u00f5iguste ja eetika eest.<br \/>\n4. Seltsi p\u00f5hitegevusteks on koosolekute, koolituste (esitlused, loengud, kursused, seminarid, workshopid jne), v\u00f5istluste ja n\u00e4ituste korraldamine ning kirjastamine. Rahvusvahelise \u017eu\u0308rii moodustamine, zu\u0308riiliikmete kohtumiste korraldamine valdkonnaga<br \/>\nseotud teemadel (auhinnanominantide valimine; rahvusvaheliste eesm\u00e4rkide seadmine jne).<br \/>\n5. Eesti Pressifotograafide Liidu majandusaasta algab 1. juulil ja l\u00f5ppeb 30. juunil.<\/p>\n<p>II Seltsi liikmeks vastuv\u00f5tmise ning seltsist v\u00e4ljaastumise ning v\u00e4ljaarvamise tingimused ja kord<br \/>\n2.0. Seltsi liikmed jagunevad: 1. T\u00e4isliikmed, 2. \u00d5pilasliikmed, 3. Toetajaliikmed.<br \/>\n2.1. Seltsi liikmeks vastuv\u00f5tmist v\u00f5ib taotleda iga isik, kes soovib arendada seltsi<br \/>\neesm\u00e4rkidega koosk\u00f5las olevat tegevust ja ei kuulu poliitilistesse u\u0308hendustesse.<br \/>\n2.2. Seltsi liikmeks vastuv\u00f5tmise otsustab l\u00f5plikult seltsi juhatus.<br \/>\n2.3. Seltsist v\u00e4ljaastumiseks esitab liige juhatusele kirjaliku avalduse.<br \/>\n2.4. Seltsi liikme v\u00f5ib seltsist v\u00e4lja arvata juhatuse otsusega, kui:<br \/>\na) seltsi liige ei ole t\u00e4htajaks tasunud seltsi liikmemaksu;<br \/>\nb) ei ole viimase kolme aasta jooksul osalenud u\u0308helgi seltsi u\u0308ldkoosolekul v\u00f5i seltsi poolt korraldatud u\u0308ritusel;<br \/>\nc) on h\u00e4bistanud\/m\u00e4\u00e4rinud pressifotograafi head nime<br \/>\n2.5. Seltsi liikme v\u00e4ljaarvamise otsustab seltsi juhatus oma koosolekul, teatades selle ku\u0308simuse arutelust v\u00e4ljaarvatavale liikmele kirjalikult v\u00e4hemalt 2 n\u00e4dalat enne koosoleku toimumist ja tal on \u00f5igus osaleda s\u00f5na\u00f5igusega oma v\u00e4ljaarvamise ku\u0308simuse arutamisel juhatuses . Liikme v\u00e4ljaarvamise otsus on langetatud, kui selle poolt on u\u0308le poole juhatuse liikmetest.<br \/>\n2.6. Seltsi juhatuse poolt v\u00e4ljaarvatud liikmel on \u00f5igus n\u00f5uda v\u00e4ljaarvamise ku\u0308simuse otsustamist v\u00e4ljaarvamisele j\u00e4rgneval seltsi u\u0308ldkoosolekul.<br \/>\n2.7. Seltsi \u00f5pilasliikmeks v\u00f5etakse isik, kes \u00f5pib t\u00f5estatult fotograafiat ja kelle v\u00f5tab u\u0308hingusse juhatus. Sooviavaldusele lisatakse t\u00f6\u00f6n\u00e4idised. \u00d5pilane peab oma liikmestaatuse hoidmiseks esitama juhatusele igal aastal matrikli v\u00f5i tunnistuse koopia. P\u00e4rast \u00f5pingute l\u00f5petamist peab ta t\u00e4isliikmeks saamist eraldi taotlema. \u00d5pilasliikmel on \u00f5igus osaleda u\u0308ldkoosolekul ja h\u00e4\u00e4letada.<br \/>\n2.8. Selts v\u00f5ib vastu v\u00f5tta ka toetajaliikmeid, kelle staatuse kinnitab ja kiidab heaks u\u0308henduse juhatus. Toetajaliikmed maksavad juhatuse m\u00e4\u00e4ratud aastamaksu ja neil on \u00f5igus osaleda u\u0308ldkoosolekul ja h\u00e4\u00e4letada.<\/p>\n<p>III. Liikmete \u00f5igused ja kohustused<br \/>\n3.1. Seltsi liikmetel on \u00f5igus:<br \/>\na) osaleda h\u00e4\u00e4le\u00f5igusega seltsi u\u0308ldkoosolekul<br \/>\nb) olla valitud seltsi juhtorganite liikmeks;<br \/>\nc) saada seltsi juhatuselt ja muudelt organitelt teavet seltsi tegevuse kohta<br \/>\n3.2. Seltsi liige on kohustatud:<br \/>\na) j\u00e4rgima seltsi tegevuses osalemisel p\u00f5hikirja ja seltsi juhtorganite otsuseid;<br \/>\nb) tasuma m\u00e4\u00e4ratud liikmemaksu;<br \/>\nc) teatama seltsi juhatusele seltsi liikmete arvestuse pidamiseks oma kehtivad kontaktandmed;<br \/>\nd) tasuma seltsi liikmemaksu jooksva aasta eest ka siis, kui ta liikmelisus l\u00f5peb aasta kestel<br \/>\n3.3. Liikmemaksule ja sisseastumismaksule t\u00e4iendavaid varalisi kohustusi v\u00f5ib seltsi liikmele panna ainult u\u0308ldkoosoleku otsusega.<\/p>\n<p>IV. \u00dcldkoosolek<br \/>\n4.1. Seltsi k\u00f5rgeimaks organiks on seltsi u\u0308ldkoosolek, millel iga seltsi liikmel on u\u0308ks h\u00e4\u00e4l.<br \/>\n4.2. Seltsi u\u0308ldkoosoleku p\u00e4devuses on:<br \/>\na) p\u00f5hikirja muutmine (vajalik v\u00e4hemalt 2\/3 u\u0308ldkoosolekul osalenud liikmete n\u00f5usolek)<br \/>\nb) eesm\u00e4rgi muutmine (vajalik v\u00e4hemalt 9\/10 liikmete n\u00f5usolek)<br \/>\nc) juhatuse liikmete m\u00e4\u00e4ramine<br \/>\nd) revisjoni m\u00e4\u00e4ramine<br \/>\nd) juhatuse v\u00f5i muu organi liikmega tehingu tegemise v\u00f5i tema vastu n\u00f5ude esitamise otsustamine ja selles tehingus v\u00f5i n\u00f5udes seltsi esindaja m\u00e4\u00e4ramine<br \/>\ne) seltsile kuuluvate kinnisasjade ja registrisse kantavate vallasasjade v\u00f5\u00f5randamise ja asja\u00f5igustega koormamise otsustamine ja tingimuste m\u00e4\u00e4ramine nimetatud tehinguteks<br \/>\nf) muude ku\u0308simuste otsustamine, mida ei ole seaduse v\u00f5i p\u00f5hikirjaga antud teiste organite p\u00e4devusse<br \/>\n4.3. Seltsi u\u0308ldkoosoleku kutsub kokku juhatus v\u00e4hemalt korra aastas:<br \/>\na) aastaaruande kinnitamiseks<br \/>\nb) seaduses m\u00e4\u00e4ratud ja muudel juhtudel, kui seltsi huvid seda n\u00f5uavad<br \/>\n4.4. \u00dcldkoosoleku kokkukutsumiseks avaldab seltsi juhatus v\u00e4hemalt neliteist p\u00e4eva enne u\u0308ldkoosoleku toimumist teate, n\u00e4idates \u00e4ra u\u0308ldkoosoleku toimumise aja, koha ja p\u00e4evakorra v\u00f5i saadab igale seltsi liikmele seitse p\u00e4eva enne u\u0308ldkoosoleku toimumist samasisulise kirjaliku teate.<br \/>\n4.5. \u00dcldkoosolek on otsustusv\u00f5imeline, kui sellel osaleb v\u00f5i on teise esindatud v\u00e4hemalt 1\/3 liidu liikmetest.<br \/>\n4.6. \u00dcldkoosoleku otsus on vastu v\u00f5etud, kui selle poolt on u\u0308le poole koosolekul osalenud seltsi liikmetest v\u00f5i nende esindajatest.<\/p>\n<p>V. Juhatus<br \/>\n5.1. Seltsi tegevust juhib ja seda esindab juhatus, milles on kolm kuni viis liiget. Juhatus valib enda hulgast eesistuja, eesistuja aset\u00e4itja.<br \/>\n5.2. Juhatuse otsuse langetamiseks on vajalik koosolekul osalevate juhatuse liikmete poolth\u00e4\u00e4lteenamus<br \/>\n5.3 Juhatuse koosolekud toimuvad m\u00f5ned korrad aasta jooksul.<br \/>\n5.4 Projektidega seotud t\u00f6\u00f6tasude ja kompensatsioonide m\u00e4\u00e4ramine on juhatuse p\u00e4devuses, sh juhatuse liikmetele endile. Vajalik juhatuse liikmete u\u0308heh\u00e4\u00e4lne otsus.<br \/>\n5.5 \u00dchingut saab esindada juhatuse esimees ainuisikuliselt v\u00f5i siis kogu juhatus koos.<br \/>\n5.6 Juhatusse saab kandideerida isik, kel pole u\u0308hingu ees t\u00e4itmata rahalisi kohustusi.<\/p>\n<p>VI. \u00dchinemine, jagunemine, likvideerimine.<br \/>\n6.1. Seltsi u\u0308hinemine, jagunemine ja likvideerimine toimuvad seaduses s\u00e4testatud korras.<br \/>\n6.2. Seltsi likvideerijateks on juhatuse liikmed v\u00f5i u\u0308ldkoosoleku poolt m\u00e4\u00e4ratud isikud.<br \/>\n6.3. Seltsi likvideerimisel antakse p\u00e4rast v\u00f5lausaldajate n\u00f5uete rahuldamist allesj\u00e4\u00e4nud vara sarnase eesm\u00e4rgiga tulumaksusoodustusega mittetulundusu\u0308hingute ja sihtasutuste nimekirja liikmele v\u00f5i avalik-\u00f5iguslikule juriidilisele isikule.<\/p>\n<p>Eesti Pressifotograafide Liidu u\u0308ldkoosolek. 11. novembril 2021, Tallinnas<\/p>\n","protected":false},"excerpt":{"rendered":"<p>Eesti Pressifotograafide Liidu P\u00d5HIKIRI I \u00dclds\u00e4tted 1. Mittetulundusu\u0308hing Eesti Pressifotograafide Liit (edaspidi: Selts) on vabatahtlikkuse alusel u\u0308hinenud isikute iseseisev kasumit mitte taotlev organisatsioon, mis tegutseb avalikes huvides. 2. Seltsi asukohaks on Tallinn, Eesti Vabariik 3. Seltsi eesm\u00e4rgiks on u\u0308hendada riigi pressifotograafe, kasvatada pressifotograafide hulgas u\u0308htekuuluvustunnet, edendada kutse\u00f5pet ja ametioskusi, kaitsta liikmete ametialaseid huve ja seista [&hellip;]<\/p>\n","protected":false},"author":8,"featured_media":0,"parent":0,"menu_order":0,"comment_status":"closed","ping_status":"closed","template":"","meta":{"_acf_changed":false,"footnotes":""},"class_list":["post-187","page","type-page","status-publish","hentry"],"acf":[],"jetpack_shortlink":"https:\/\/wp.me\/P3dWMc-31","jetpack_sharing_enabled":true,"_links":{"self":[{"href":"https:\/\/www.epfl.ee\/wordpress\/wp-json\/wp\/v2\/pages\/187","targetHints":{"allow":["GET"]}}],"collection":[{"href":"https:\/\/www.epfl.ee\/wordpress\/wp-json\/wp\/v2\/pages"}],"about":[{"href":"https:\/\/www.epfl.ee\/wordpress\/wp-json\/wp\/v2\/types\/page"}],"author":[{"embeddable":true,"href":"https:\/\/www.epfl.ee\/wordpress\/wp-json\/wp\/v2\/users\/8"}],"replies":[{"embeddable":true,"href":"https:\/\/www.epfl.ee\/wordpress\/wp-json\/wp\/v2\/comments?post=187"}],"version-history":[{"count":14,"href":"https:\/\/www.epfl.ee\/wordpress\/wp-json\/wp\/v2\/pages\/187\/revisions"}],"predecessor-version":[{"id":5683,"href":"https:\/\/www.epfl.ee\/wordpress\/wp-json\/wp\/v2\/pages\/187\/revisions\/5683"}],"wp:attachment":[{"href":"https:\/\/www.epfl.ee\/wordpress\/wp-json\/wp\/v2\/media?parent=187"}],"curies":[{"name":"wp","href":"https:\/\/api.w.org\/{rel}","templated":true}]}}