{"id":100,"date":"2010-08-14T21:54:41","date_gmt":"2010-08-14T21:54:41","guid":{"rendered":"http:\/\/eestipressifotograafideliit.wordpress.com\/"},"modified":"2019-01-04T22:19:26","modified_gmt":"2019-01-04T20:19:26","slug":"tule-toetajaliikmeks","status":"publish","type":"page","link":"https:\/\/www.epfl.ee\/wordpress\/tule-toetajaliikmeks\/","title":{"rendered":"Tule toetajaliikmeks!"},"content":{"rendered":"<p>Toetajaliikmele pakume v\u00e4ljundit meie koolitustel ja seminaridel, samuti n\u00e4itustel ja tr\u00fckistes. Toetajaliikmed maksavad leppelist aastamaksu v\u00f5i paketitasu. V\u00f5imalusi teineteisele kasulik olla on nii palju, et ei hakkakski neid siin loetlema.<\/p>\n<p>Kui tunned, et v\u00f5iksid Eesti pressifotograafia arengule kaasa aidata, siis <a href=\"https:\/\/www.epfl.ee\/wordpress\/kontakt\/\">palun v\u00f5ta meiega \u00fchendust!<\/a><\/p>\n","protected":false},"excerpt":{"rendered":"<p>Toetajaliikmele pakume v\u00e4ljundit meie koolitustel ja seminaridel, samuti n\u00e4itustel ja tr\u00fckistes. Toetajaliikmed maksavad leppelist aastamaksu v\u00f5i paketitasu. V\u00f5imalusi teineteisele kasulik olla on nii palju, et ei hakkakski neid siin loetlema. Kui tunned, et v\u00f5iksid Eesti pressifotograafia arengule kaasa aidata, siis palun v\u00f5ta meiega \u00fchendust!<\/p>\n","protected":false},"author":8,"featured_media":0,"parent":0,"menu_order":0,"comment_status":"closed","ping_status":"open","template":"","meta":{"_acf_changed":false,"footnotes":""},"class_list":["post-100","page","type-page","status-publish","hentry"],"acf":[],"jetpack_shortlink":"https:\/\/wp.me\/P3dWMc-1C","jetpack_sharing_enabled":true,"_links":{"self":[{"href":"https:\/\/www.epfl.ee\/wordpress\/wp-json\/wp\/v2\/pages\/100","targetHints":{"allow":["GET"]}}],"collection":[{"href":"https:\/\/www.epfl.ee\/wordpress\/wp-json\/wp\/v2\/pages"}],"about":[{"href":"https:\/\/www.epfl.ee\/wordpress\/wp-json\/wp\/v2\/types\/page"}],"author":[{"embeddable":true,"href":"https:\/\/www.epfl.ee\/wordpress\/wp-json\/wp\/v2\/users\/8"}],"replies":[{"embeddable":true,"href":"https:\/\/www.epfl.ee\/wordpress\/wp-json\/wp\/v2\/comments?post=100"}],"version-history":[{"count":11,"href":"https:\/\/www.epfl.ee\/wordpress\/wp-json\/wp\/v2\/pages\/100\/revisions"}],"predecessor-version":[{"id":4225,"href":"https:\/\/www.epfl.ee\/wordpress\/wp-json\/wp\/v2\/pages\/100\/revisions\/4225"}],"wp:attachment":[{"href":"https:\/\/www.epfl.ee\/wordpress\/wp-json\/wp\/v2\/media?parent=100"}],"curies":[{"name":"wp","href":"https:\/\/api.w.org\/{rel}","templated":true}]}}